{"id":13260,"date":"2019-08-27T10:54:07","date_gmt":"2019-08-27T13:54:07","guid":{"rendered":"http:\/\/hemonucleo.com.br\/?page_id=13260"},"modified":"2020-06-10T16:46:37","modified_gmt":"2020-06-10T19:46:37","slug":"medicina-transfucional","status":"publish","type":"page","link":"http:\/\/hemonucleo.com.br\/index.php\/medicina-transfucional\/","title":{"rendered":"N\u00facleo Medicina Transfusional"},"content":{"rendered":"<p><div class=\"fusion-fullwidth fullwidth-box nonhundred-percent-fullwidth non-hundred-percent-height-scrolling fusion-no-small-visibility\"  style='background-color: rgba(255,255,255,0);background-position: center center;background-repeat: no-repeat;padding-top:0px;padding-right:100px;padding-bottom:0px;padding-left:100px;'><div class=\"fusion-builder-row fusion-row \"><div  class=\"fusion-layout-column fusion_builder_column fusion_builder_column_1_1 fusion-builder-column-1 fusion-one-full fusion-column-first fusion-column-last 1_1\"  style='margin-top:0px;margin-bottom:50px;'>\n\t\t\t\t\t<div class=\"fusion-column-wrapper\" style=\"padding: 0px 0px 0px 0px;background-position:left top;background-repeat:no-repeat;-webkit-background-size:cover;-moz-background-size:cover;-o-background-size:cover;background-size:cover;\"   data-bg-url=\"\">\n\t\t\t\t\t\t<div class=\"imageframe-align-center\"><span style=\"-webkit-border-radius:5px;-moz-border-radius:5px;border-radius:5px;\" class=\"fusion-imageframe imageframe-none imageframe-1 hover-type-none\"><img loading=\"lazy\" src=\"http:\/\/hemonucleo.com.br\/wp-content\/uploads\/2019\/08\/nucleo-transfucional.png\" width=\"800\" height=\"201\" alt=\"\" title=\"nucleo-transfucional\" class=\"img-responsive wp-image-13265\" srcset=\"http:\/\/hemonucleo.com.br\/wp-content\/uploads\/2019\/08\/nucleo-transfucional-200x50.png 200w, http:\/\/hemonucleo.com.br\/wp-content\/uploads\/2019\/08\/nucleo-transfucional-400x101.png 400w, http:\/\/hemonucleo.com.br\/wp-content\/uploads\/2019\/08\/nucleo-transfucional-600x151.png 600w, http:\/\/hemonucleo.com.br\/wp-content\/uploads\/2019\/08\/nucleo-transfucional.png 800w\" sizes=\"(max-width: 1100px) 100vw, 800px\" \/><\/span><\/div><div class=\"fusion-clearfix\"><\/div>\n\n\t\t\t\t\t<\/div>\n\t\t\t\t<\/div><div  class=\"fusion-layout-column fusion_builder_column fusion_builder_column_1_2 fusion-builder-column-2 fusion-one-half fusion-column-first 1_2\"  style='margin-top:0px;margin-bottom:20px;width:50%;width:calc(50% - ( ( 4% ) * 0.5 ) );margin-right: 4%;'>\n\t\t\t\t\t<div class=\"fusion-column-wrapper\" style=\"padding: 0px 0px 0px 0px;background-position:left top;background-repeat:no-repeat;-webkit-background-size:cover;-moz-background-size:cover;-o-background-size:cover;background-size:cover;\"   data-bg-url=\"\">\n\t\t\t\t\t\t<div class=\"fusion-text\"><p>O N\u00facleo Medicina Transfusional \u00e9 um banco de sangue que se prop\u00f5e a ser modelo e refer\u00eancia em hemoterapia na cidade de Campos dos Goytacazes e regi\u00e3o, reconhecido pelo pioneirismo, qualidade e seguran\u00e7a transfusional.<\/p>\n<\/div><div class=\"fusion-clearfix\"><\/div>\n\n\t\t\t\t\t<\/div>\n\t\t\t\t<\/div><div  class=\"fusion-layout-column fusion_builder_column fusion_builder_column_1_2 fusion-builder-column-3 fusion-one-half fusion-column-last 1_2\"  style='margin-top:0px;margin-bottom:20px;width:50%;width:calc(50% - ( ( 4% ) * 0.5 ) );'>\n\t\t\t\t\t<div class=\"fusion-column-wrapper\" style=\"padding: 0px 0px 0px 0px;background-position:left top;background-repeat:no-repeat;-webkit-background-size:cover;-moz-background-size:cover;-o-background-size:cover;background-size:cover;\"   data-bg-url=\"\">\n\t\t\t\t\t\t<div class=\"fusion-text\"><p>Toda a organiza\u00e7\u00e3o, planejamento e montagem do servi\u00e7o seguiu um modelo de gest\u00e3o focado em processos, compet\u00eancia e no dinamismo organizacional, visando assegurar um atendimento hemoter\u00e1pico \u00e1gil e seguro que reflita na satisfa\u00e7\u00e3o de doadores, pacientes e m\u00e9dicos assistentes.<\/p>\n<\/div><div class=\"fusion-clearfix\"><\/div>\n\n\t\t\t\t\t<\/div>\n\t\t\t\t<\/div><\/div><\/div><div class=\"fusion-fullwidth fullwidth-box nonhundred-percent-fullwidth non-hundred-percent-height-scrolling fusion-no-medium-visibility fusion-no-large-visibility\"  style='background-color: rgba(255,255,255,0);background-position: center center;background-repeat: no-repeat;padding-top:0px;padding-right:20px;padding-bottom:0px;padding-left:20px;'><div class=\"fusion-builder-row fusion-row \"><div  class=\"fusion-layout-column fusion_builder_column fusion_builder_column_1_1 fusion-builder-column-4 fusion-one-full fusion-column-first fusion-column-last 1_1\"  style='margin-top:0px;margin-bottom:50px;'>\n\t\t\t\t\t<div class=\"fusion-column-wrapper\" style=\"padding: 0px 0px 0px 0px;background-position:left top;background-repeat:no-repeat;-webkit-background-size:cover;-moz-background-size:cover;-o-background-size:cover;background-size:cover;\"   data-bg-url=\"\">\n\t\t\t\t\t\t<div class=\"imageframe-align-center\"><span style=\"-webkit-border-radius:5px;-moz-border-radius:5px;border-radius:5px;\" class=\"fusion-imageframe imageframe-none imageframe-2 hover-type-none\"><img loading=\"lazy\" src=\"http:\/\/hemonucleo.com.br\/wp-content\/uploads\/2019\/08\/nucleo-transfucional.png\" width=\"800\" height=\"201\" alt=\"\" title=\"nucleo-transfucional\" class=\"img-responsive wp-image-13265\" srcset=\"http:\/\/hemonucleo.com.br\/wp-content\/uploads\/2019\/08\/nucleo-transfucional-200x50.png 200w, http:\/\/hemonucleo.com.br\/wp-content\/uploads\/2019\/08\/nucleo-transfucional-400x101.png 400w, http:\/\/hemonucleo.com.br\/wp-content\/uploads\/2019\/08\/nucleo-transfucional-600x151.png 600w, http:\/\/hemonucleo.com.br\/wp-content\/uploads\/2019\/08\/nucleo-transfucional.png 800w\" sizes=\"(max-width: 1100px) 100vw, 800px\" \/><\/span><\/div><div class=\"fusion-clearfix\"><\/div>\n\n\t\t\t\t\t<\/div>\n\t\t\t\t<\/div><div  class=\"fusion-layout-column fusion_builder_column fusion_builder_column_1_2 fusion-builder-column-5 fusion-one-half fusion-column-first 1_2\"  style='margin-top:0px;margin-bottom:20px;width:50%;width:calc(50% - ( ( 4% ) * 0.5 ) );margin-right: 4%;'>\n\t\t\t\t\t<div class=\"fusion-column-wrapper\" style=\"padding: 0px 0px 0px 0px;background-position:left top;background-repeat:no-repeat;-webkit-background-size:cover;-moz-background-size:cover;-o-background-size:cover;background-size:cover;\"   data-bg-url=\"\">\n\t\t\t\t\t\t<div class=\"fusion-text\"><p>O N\u00facleo Medicina Transfusional \u00e9 um banco de sangue que se prop\u00f5e a ser modelo e refer\u00eancia em hemoterapia na cidade de Campos dos Goytacazes e regi\u00e3o, reconhecido pelo pioneirismo, qualidade e seguran\u00e7a transfusional.<\/p>\n<\/div><div class=\"fusion-clearfix\"><\/div>\n\n\t\t\t\t\t<\/div>\n\t\t\t\t<\/div><div  class=\"fusion-layout-column fusion_builder_column fusion_builder_column_1_2 fusion-builder-column-6 fusion-one-half fusion-column-last 1_2\"  style='margin-top:0px;margin-bottom:20px;width:50%;width:calc(50% - ( ( 4% ) * 0.5 ) );'>\n\t\t\t\t\t<div class=\"fusion-column-wrapper\" style=\"padding: 0px 0px 0px 0px;background-position:left top;background-repeat:no-repeat;-webkit-background-size:cover;-moz-background-size:cover;-o-background-size:cover;background-size:cover;\"   data-bg-url=\"\">\n\t\t\t\t\t\t<div class=\"fusion-text\"><p>Toda a organiza\u00e7\u00e3o, planejamento e montagem do servi\u00e7o seguiu um modelo de gest\u00e3o focado em processos, compet\u00eancia e no dinamismo organizacional, visando assegurar um atendimento hemoter\u00e1pico \u00e1gil e seguro que reflita na satisfa\u00e7\u00e3o de doadores, pacientes e m\u00e9dicos assistentes.<\/p>\n<\/div><div class=\"fusion-clearfix\"><\/div>\n\n\t\t\t\t\t<\/div>\n\t\t\t\t<\/div><\/div><\/div><div class=\"fusion-fullwidth fullwidth-box vinho nonhundred-percent-fullwidth non-hundred-percent-height-scrolling\"  style='background-color: #8d062e;background-position: center center;background-repeat: no-repeat;padding-top:0px;padding-right:50px;padding-bottom:0px;padding-left:50px;'><div class=\"fusion-builder-row fusion-row \"><div  class=\"fusion-layout-column fusion_builder_column fusion_builder_column_1_1 fusion-builder-column-7 fusion-one-full fusion-column-first fusion-column-last 1_1\"  style='margin-top:0px;margin-bottom:20px;'>\n\t\t\t\t\t<div class=\"fusion-column-wrapper\" style=\"padding: 0px 0px 0px 0px;background-position:left top;background-repeat:no-repeat;-webkit-background-size:cover;-moz-background-size:cover;-o-background-size:cover;background-size:cover;\"   data-bg-url=\"\">\n\t\t\t\t\t\t<div class=\"fusion-text\"><h2 style=\"text-align: center;\">As \u00e1reas de atua\u00e7\u00e3o do servi\u00e7o envolvem:<\/h2>\n<p><img class=\"alignnone size-full wp-image-13270 aligncenter\" style=\"width: 200px !important!;\" src=\"http:\/\/hemonucleo.com.br\/wp-content\/uploads\/2019\/08\/titule-bot.png\" alt=\"\" height=\"2\" srcset=\"http:\/\/hemonucleo.com.br\/wp-content\/uploads\/2019\/08\/titule-bot-66x2.png 66w, http:\/\/hemonucleo.com.br\/wp-content\/uploads\/2019\/08\/titule-bot-150x2.png 150w, http:\/\/hemonucleo.com.br\/wp-content\/uploads\/2019\/08\/titule-bot-177x2.png 177w, http:\/\/hemonucleo.com.br\/wp-content\/uploads\/2019\/08\/titule-bot.png 200w\" sizes=\"(max-width: 200px) 100vw, 200px\" \/><\/p>\n<\/div><div class=\"fusion-clearfix\"><\/div>\n\n\t\t\t\t\t<\/div>\n\t\t\t\t<\/div><div  class=\"fusion-layout-column fusion_builder_column fusion_builder_column_1_3 fusion-builder-column-8 fusion-one-third fusion-column-first 1_3\"  style='margin-top:0px;margin-bottom:20px;width:33.33%;width:calc(33.33% - ( ( 4% + 4% ) * 0.3333 ) );margin-right: 4%;'>\n\t\t\t\t\t<div class=\"fusion-column-wrapper\" style=\"padding: 0px 0px 0px 0px;background-position:left top;background-repeat:no-repeat;-webkit-background-size:cover;-moz-background-size:cover;-o-background-size:cover;background-size:cover;\"   data-bg-url=\"\">\n\t\t\t\t\t\t<div class=\"fusion-text\"><p><img loading=\"lazy\" class=\"alignnone size-full wp-image-13277 aligncenter\" src=\"http:\/\/hemonucleo.com.br\/wp-content\/uploads\/2019\/08\/mt-01.png\" alt=\"\" width=\"144\" height=\"143\" srcset=\"http:\/\/hemonucleo.com.br\/wp-content\/uploads\/2019\/08\/mt-01-66x66.png 66w, http:\/\/hemonucleo.com.br\/wp-content\/uploads\/2019\/08\/mt-01.png 144w\" sizes=\"(max-width: 144px) 100vw, 144px\" \/><\/p>\n<p style=\"text-align: center;\">Oferecer servi\u00e7o de transfus\u00e3o hospitalar e ambulatorial de hemocomponentes;<\/p>\n<\/div><div class=\"fusion-clearfix\"><\/div>\n\n\t\t\t\t\t<\/div>\n\t\t\t\t<\/div><div  class=\"fusion-layout-column fusion_builder_column fusion_builder_column_1_3 fusion-builder-column-9 fusion-one-third 1_3\"  style='margin-top:0px;margin-bottom:20px;width:33.33%;width:calc(33.33% - ( ( 4% + 4% ) * 0.3333 ) );margin-right: 4%;'>\n\t\t\t\t\t<div class=\"fusion-column-wrapper\" style=\"padding: 0px 0px 0px 0px;background-position:left top;background-repeat:no-repeat;-webkit-background-size:cover;-moz-background-size:cover;-o-background-size:cover;background-size:cover;\"   data-bg-url=\"\">\n\t\t\t\t\t\t<div class=\"fusion-text\"><p><img loading=\"lazy\" class=\"wp-image-13278 size-full aligncenter\" src=\"http:\/\/hemonucleo.com.br\/wp-content\/uploads\/2019\/08\/mt-02.png\" alt=\"\" width=\"105\" height=\"131\" \/><\/p>\n<p style=\"text-align: center;\">Coletar, processar, armazenar e estocar hemocomponentes para transfus\u00e3o;<\/p>\n<\/div><div class=\"fusion-clearfix\"><\/div>\n\n\t\t\t\t\t<\/div>\n\t\t\t\t<\/div><div  class=\"fusion-layout-column fusion_builder_column fusion_builder_column_1_3 fusion-builder-column-10 fusion-one-third fusion-column-last 1_3\"  style='margin-top:0px;margin-bottom:20px;width:33.33%;width:calc(33.33% - ( ( 4% + 4% ) * 0.3333 ) );'>\n\t\t\t\t\t<div class=\"fusion-column-wrapper\" style=\"padding: 0px 0px 0px 0px;background-position:left top;background-repeat:no-repeat;-webkit-background-size:cover;-moz-background-size:cover;-o-background-size:cover;background-size:cover;\"   data-bg-url=\"\">\n\t\t\t\t\t\t<div class=\"fusion-text\"><p><img loading=\"lazy\" class=\"wp-image-13279 size-full aligncenter\" src=\"http:\/\/hemonucleo.com.br\/wp-content\/uploads\/2019\/08\/mt-03.png\" alt=\"\" width=\"134\" height=\"134\" srcset=\"http:\/\/hemonucleo.com.br\/wp-content\/uploads\/2019\/08\/mt-03-66x66.png 66w, http:\/\/hemonucleo.com.br\/wp-content\/uploads\/2019\/08\/mt-03.png 134w\" sizes=\"(max-width: 134px) 100vw, 134px\" \/><\/p>\n<p style=\"text-align: center;\">Oferecer suporte para estrutura\u00e7\u00e3o de ag\u00eancias transfusionais hospitalares;<\/p>\n<\/div><div class=\"fusion-clearfix\"><\/div>\n\n\t\t\t\t\t<\/div>\n\t\t\t\t<\/div><div  class=\"fusion-layout-column fusion_builder_column fusion_builder_column_1_3 fusion-builder-column-11 fusion-one-third fusion-column-first 1_3\"  style='margin-top:0px;margin-bottom:20px;width:33.33%;width:calc(33.33% - ( ( 4% + 4% ) * 0.3333 ) );margin-right: 4%;'>\n\t\t\t\t\t<div class=\"fusion-column-wrapper\" style=\"padding: 0px 0px 0px 0px;background-position:left top;background-repeat:no-repeat;-webkit-background-size:cover;-moz-background-size:cover;-o-background-size:cover;background-size:cover;\"   data-bg-url=\"\">\n\t\t\t\t\t\t<div class=\"fusion-text\"><p><img loading=\"lazy\" class=\"wp-image-13280 size-full aligncenter\" src=\"http:\/\/hemonucleo.com.br\/wp-content\/uploads\/2019\/08\/mt-04.png\" alt=\"\" width=\"92\" height=\"117\" \/><\/p>\n<p style=\"text-align: center;\">Oferecer atendimento m\u00e9dico e t\u00e9cnico para orienta\u00e7\u00f5es transfusionais;<\/p>\n<\/div><div class=\"fusion-clearfix\"><\/div>\n\n\t\t\t\t\t<\/div>\n\t\t\t\t<\/div><div  class=\"fusion-layout-column fusion_builder_column fusion_builder_column_1_3 fusion-builder-column-12 fusion-one-third 1_3\"  style='margin-top:0px;margin-bottom:20px;width:33.33%;width:calc(33.33% - ( ( 4% + 4% ) * 0.3333 ) );margin-right: 4%;'>\n\t\t\t\t\t<div class=\"fusion-column-wrapper\" style=\"padding: 0px 0px 0px 0px;background-position:left top;background-repeat:no-repeat;-webkit-background-size:cover;-moz-background-size:cover;-o-background-size:cover;background-size:cover;\"   data-bg-url=\"\">\n\t\t\t\t\t\t<div class=\"fusion-text\"><p><img loading=\"lazy\" class=\"wp-image-13281 size-full aligncenter\" src=\"http:\/\/hemonucleo.com.br\/wp-content\/uploads\/2019\/08\/mt-05.png\" alt=\"\" width=\"120\" height=\"120\" srcset=\"http:\/\/hemonucleo.com.br\/wp-content\/uploads\/2019\/08\/mt-05-66x66.png 66w, http:\/\/hemonucleo.com.br\/wp-content\/uploads\/2019\/08\/mt-05.png 120w\" sizes=\"(max-width: 120px) 100vw, 120px\" \/><\/p>\n<p style=\"text-align: center;\">Oferecer servi\u00e7o de doa\u00e7\u00e3o de componentes sangu\u00edneos por af\u00e9rese;<\/p>\n<\/div><div class=\"fusion-clearfix\"><\/div>\n\n\t\t\t\t\t<\/div>\n\t\t\t\t<\/div><div  class=\"fusion-layout-column fusion_builder_column fusion_builder_column_1_3 fusion-builder-column-13 fusion-one-third fusion-column-last 1_3\"  style='margin-top:0px;margin-bottom:20px;width:33.33%;width:calc(33.33% - ( ( 4% + 4% ) * 0.3333 ) );'>\n\t\t\t\t\t<div class=\"fusion-column-wrapper\" style=\"padding: 0px 0px 0px 0px;background-position:left top;background-repeat:no-repeat;-webkit-background-size:cover;-moz-background-size:cover;-o-background-size:cover;background-size:cover;\"   data-bg-url=\"\">\n\t\t\t\t\t\t<div class=\"fusion-text\"><p><img loading=\"lazy\" class=\"wp-image-13282 size-full aligncenter\" src=\"http:\/\/hemonucleo.com.br\/wp-content\/uploads\/2019\/08\/mt-06.png\" alt=\"\" width=\"93\" height=\"112\" \/><\/p>\n<p style=\"text-align: center;\">Oferecer servi\u00e7o de af\u00e9rese terap\u00eautica;<\/p>\n<\/div><div class=\"fusion-clearfix\"><\/div>\n\n\t\t\t\t\t<\/div>\n\t\t\t\t<\/div><\/div><\/div><\/p>\n","protected":false},"excerpt":{"rendered":"","protected":false},"author":1,"featured_media":0,"parent":0,"menu_order":0,"comment_status":"closed","ping_status":"closed","template":"","meta":[],"_links":{"self":[{"href":"http:\/\/hemonucleo.com.br\/index.php\/wp-json\/wp\/v2\/pages\/13260"}],"collection":[{"href":"http:\/\/hemonucleo.com.br\/index.php\/wp-json\/wp\/v2\/pages"}],"about":[{"href":"http:\/\/hemonucleo.com.br\/index.php\/wp-json\/wp\/v2\/types\/page"}],"author":[{"embeddable":true,"href":"http:\/\/hemonucleo.com.br\/index.php\/wp-json\/wp\/v2\/users\/1"}],"replies":[{"embeddable":true,"href":"http:\/\/hemonucleo.com.br\/index.php\/wp-json\/wp\/v2\/comments?post=13260"}],"version-history":[{"count":21,"href":"http:\/\/hemonucleo.com.br\/index.php\/wp-json\/wp\/v2\/pages\/13260\/revisions"}],"predecessor-version":[{"id":13623,"href":"http:\/\/hemonucleo.com.br\/index.php\/wp-json\/wp\/v2\/pages\/13260\/revisions\/13623"}],"wp:attachment":[{"href":"http:\/\/hemonucleo.com.br\/index.php\/wp-json\/wp\/v2\/media?parent=13260"}],"curies":[{"name":"wp","href":"https:\/\/api.w.org\/{rel}","templated":true}]}}