{"id":13359,"date":"2019-09-01T16:48:41","date_gmt":"2019-09-01T19:48:41","guid":{"rendered":"http:\/\/hemonucleo.com.br\/?page_id=13359"},"modified":"2020-06-10T16:58:26","modified_gmt":"2020-06-10T19:58:26","slug":"seguranca-e-qualidade-2-2","status":"publish","type":"page","link":"http:\/\/hemonucleo.com.br\/index.php\/seguranca-e-qualidade-2-2\/","title":{"rendered":"Seguran\u00e7a e Qualidade"},"content":{"rendered":"<p><div class=\"fusion-fullwidth fullwidth-box nonhundred-percent-fullwidth non-hundred-percent-height-scrolling fusion-no-small-visibility\"  style='background-color: rgba(255,255,255,0);background-position: center center;background-repeat: no-repeat;padding-top:0px;padding-right:100px;padding-bottom:0px;padding-left:100px;'><div class=\"fusion-builder-row fusion-row \"><div  class=\"fusion-layout-column fusion_builder_column fusion_builder_column_1_1 fusion-builder-column-1 fusion-one-full fusion-column-first fusion-column-last 1_1\"  style='margin-top:0px;margin-bottom:50px;'>\n\t\t\t\t\t<div class=\"fusion-column-wrapper\" style=\"padding: 0px 0px 0px 0px;background-position:left top;background-repeat:no-repeat;-webkit-background-size:cover;-moz-background-size:cover;-o-background-size:cover;background-size:cover;\"   data-bg-url=\"\">\n\t\t\t\t\t\t<div class=\"imageframe-align-center\"><span style=\"-webkit-border-radius:5px;-moz-border-radius:5px;border-radius:5px;\" class=\"fusion-imageframe imageframe-none imageframe-1 hover-type-none\"><img loading=\"lazy\" src=\"http:\/\/hemonucleo.com.br\/wp-content\/uploads\/2019\/09\/seg-e-qual.png\" width=\"1118\" height=\"281\" alt=\"\" title=\"seg-e-qual\" class=\"img-responsive wp-image-13360\" srcset=\"http:\/\/hemonucleo.com.br\/wp-content\/uploads\/2019\/09\/seg-e-qual-200x50.png 200w, http:\/\/hemonucleo.com.br\/wp-content\/uploads\/2019\/09\/seg-e-qual-400x101.png 400w, http:\/\/hemonucleo.com.br\/wp-content\/uploads\/2019\/09\/seg-e-qual-600x151.png 600w, http:\/\/hemonucleo.com.br\/wp-content\/uploads\/2019\/09\/seg-e-qual-800x201.png 800w, http:\/\/hemonucleo.com.br\/wp-content\/uploads\/2019\/09\/seg-e-qual.png 1118w\" sizes=\"(max-width: 1100px) 100vw, 1118px\" \/><\/span><\/div><div class=\"fusion-clearfix\"><\/div>\n\n\t\t\t\t\t<\/div>\n\t\t\t\t<\/div><div  class=\"fusion-layout-column fusion_builder_column fusion_builder_column_1_1 fusion-builder-column-2 fusion-one-full fusion-column-first fusion-column-last 1_1\"  style='margin-top:0px;margin-bottom:20px;'>\n\t\t\t\t\t<div class=\"fusion-column-wrapper\" style=\"padding: 0px 0px 0px 0px;background-position:left top;background-repeat:no-repeat;-webkit-background-size:cover;-moz-background-size:cover;-o-background-size:cover;background-size:cover;\"   data-bg-url=\"\">\n\t\t\t\t\t\t<div class=\"fusion-text\"><p>O N\u00facleo Medicina Transfusional atua dentro do m\u00e1ximo rigor cient\u00edfico, com aplica\u00e7\u00e3o de recursos e disponibiliza\u00e7\u00e3o de equipamentos modernos para atender todas as exig\u00eancias t\u00e9cnicas e legais que norteiam a moderna hemoterapia, essencial para garantir a total confiabilidade de seu atendimento diferenciado.<\/p>\n<\/div><div class=\"fusion-clearfix\"><\/div>\n\n\t\t\t\t\t<\/div>\n\t\t\t\t<\/div><\/div><\/div><div class=\"fusion-fullwidth fullwidth-box nonhundred-percent-fullwidth non-hundred-percent-height-scrolling fusion-no-medium-visibility fusion-no-large-visibility\"  style='background-color: rgba(255,255,255,0);background-position: center center;background-repeat: no-repeat;padding-top:0px;padding-right:20px;padding-bottom:0px;padding-left:20px;'><div class=\"fusion-builder-row fusion-row \"><div  class=\"fusion-layout-column fusion_builder_column fusion_builder_column_1_1 fusion-builder-column-3 fusion-one-full fusion-column-first fusion-column-last 1_1\"  style='margin-top:0px;margin-bottom:50px;'>\n\t\t\t\t\t<div class=\"fusion-column-wrapper\" style=\"padding: 0px 0px 0px 0px;background-position:left top;background-repeat:no-repeat;-webkit-background-size:cover;-moz-background-size:cover;-o-background-size:cover;background-size:cover;\"   data-bg-url=\"\">\n\t\t\t\t\t\t<div class=\"imageframe-align-center\"><span style=\"-webkit-border-radius:5px;-moz-border-radius:5px;border-radius:5px;\" class=\"fusion-imageframe imageframe-none imageframe-2 hover-type-none\"><img loading=\"lazy\" src=\"http:\/\/hemonucleo.com.br\/wp-content\/uploads\/2019\/09\/seg-e-qual.png\" width=\"1118\" height=\"281\" alt=\"\" title=\"seg-e-qual\" class=\"img-responsive wp-image-13360\" srcset=\"http:\/\/hemonucleo.com.br\/wp-content\/uploads\/2019\/09\/seg-e-qual-200x50.png 200w, http:\/\/hemonucleo.com.br\/wp-content\/uploads\/2019\/09\/seg-e-qual-400x101.png 400w, http:\/\/hemonucleo.com.br\/wp-content\/uploads\/2019\/09\/seg-e-qual-600x151.png 600w, http:\/\/hemonucleo.com.br\/wp-content\/uploads\/2019\/09\/seg-e-qual-800x201.png 800w, http:\/\/hemonucleo.com.br\/wp-content\/uploads\/2019\/09\/seg-e-qual.png 1118w\" sizes=\"(max-width: 1100px) 100vw, 1118px\" \/><\/span><\/div><div class=\"fusion-clearfix\"><\/div>\n\n\t\t\t\t\t<\/div>\n\t\t\t\t<\/div><div  class=\"fusion-layout-column fusion_builder_column fusion_builder_column_1_1 fusion-builder-column-4 fusion-one-full fusion-column-first fusion-column-last 1_1\"  style='margin-top:0px;margin-bottom:20px;'>\n\t\t\t\t\t<div class=\"fusion-column-wrapper\" style=\"padding: 0px 0px 0px 0px;background-position:left top;background-repeat:no-repeat;-webkit-background-size:cover;-moz-background-size:cover;-o-background-size:cover;background-size:cover;\"   data-bg-url=\"\">\n\t\t\t\t\t\t<div class=\"fusion-text\"><p>O N\u00facleo Medicina Transfusional atua dentro do m\u00e1ximo rigor cient\u00edfico, com aplica\u00e7\u00e3o de recursos e disponibiliza\u00e7\u00e3o de equipamentos modernos para atender todas as exig\u00eancias t\u00e9cnicas e legais que norteiam a moderna hemoterapia, essencial para garantir a total confiabilidade de seu atendimento diferenciado.<\/p>\n<\/div><div class=\"fusion-clearfix\"><\/div>\n\n\t\t\t\t\t<\/div>\n\t\t\t\t<\/div><\/div><\/div><div class=\"fusion-fullwidth fullwidth-box nonhundred-percent-fullwidth non-hundred-percent-height-scrolling fusion-no-small-visibility\"  style='background-color: #fff6f6;background-position: center center;background-repeat: no-repeat;padding-top:50px;padding-right:100px;padding-bottom:50px;padding-left:100px;'><div class=\"fusion-builder-row fusion-row \"><div  class=\"fusion-layout-column fusion_builder_column fusion_builder_column_1_2 fusion-builder-column-5 fusion-one-half fusion-column-first 1_2\"  style='margin-top:0px;margin-bottom:20px;width:50%;width:calc(50% - ( ( 4% ) * 0.5 ) );margin-right: 4%;'>\n\t\t\t\t\t<div class=\"fusion-column-wrapper\" style=\"padding: 0px 0px 0px 0px;background-position:left top;background-repeat:no-repeat;-webkit-background-size:cover;-moz-background-size:cover;-o-background-size:cover;background-size:cover;\"   data-bg-url=\"\">\n\t\t\t\t\t\t<div class=\"fusion-text\"><p>Participamos do Programa de Avalia\u00e7\u00e3o Externa de Qualidade em Imuno-hematologia da Associa\u00e7\u00e3o Brasileira de Hematologia e Hemoterapia (ABHH).<\/p>\n<\/div><div class=\"fusion-clearfix\"><\/div>\n\n\t\t\t\t\t<\/div>\n\t\t\t\t<\/div><div  class=\"fusion-layout-column fusion_builder_column fusion_builder_column_1_2 fusion-builder-column-6 fusion-one-half fusion-column-last 1_2\"  style='margin-top:0px;margin-bottom:20px;width:50%;width:calc(50% - ( ( 4% ) * 0.5 ) );'>\n\t\t\t\t\t<div class=\"fusion-column-wrapper\" style=\"padding: 0px 0px 0px 0px;background-position:left top;background-repeat:no-repeat;-webkit-background-size:cover;-moz-background-size:cover;-o-background-size:cover;background-size:cover;\"   data-bg-url=\"\">\n\t\t\t\t\t\t<span style=\"-webkit-border-radius:5px;-moz-border-radius:5px;border-radius:5px;\" class=\"fusion-imageframe imageframe-none imageframe-3 hover-type-none\"><img loading=\"lazy\" src=\"http:\/\/hemonucleo.com.br\/wp-content\/uploads\/2019\/09\/seg-e-qual-01.png\" width=\"247\" height=\"113\" alt=\"\" title=\"seg-e-qual-01\" class=\"img-responsive wp-image-13362\" srcset=\"http:\/\/hemonucleo.com.br\/wp-content\/uploads\/2019\/09\/seg-e-qual-01-200x91.png 200w, http:\/\/hemonucleo.com.br\/wp-content\/uploads\/2019\/09\/seg-e-qual-01.png 247w\" sizes=\"(max-width: 1100px) 100vw, 247px\" \/><\/span><div class=\"fusion-clearfix\"><\/div>\n\n\t\t\t\t\t<\/div>\n\t\t\t\t<\/div><div  class=\"fusion-layout-column fusion_builder_column fusion_builder_column_1_2 fusion-builder-column-7 fusion-one-half fusion-column-first 1_2\"  style='margin-top:0px;margin-bottom:20px;width:50%;width:calc(50% - ( ( 4% ) * 0.5 ) );margin-right: 4%;'>\n\t\t\t\t\t<div class=\"fusion-column-wrapper\" style=\"padding: 0px 0px 0px 0px;background-position:left top;background-repeat:no-repeat;-webkit-background-size:cover;-moz-background-size:cover;-o-background-size:cover;background-size:cover;\"   data-bg-url=\"\">\n\t\t\t\t\t\t<div class=\"fusion-text\"><p>Participamos do Programa de Qualidade Externo de hemocomponentes com o Laborat\u00f3rio Integrado de An\u00e1lises Cl\u00ednicas (LIAC) realizando o controle de qualidade dos hemocomponentes produzidos.<\/p>\n<\/div><div class=\"fusion-clearfix\"><\/div>\n\n\t\t\t\t\t<\/div>\n\t\t\t\t<\/div><div  class=\"fusion-layout-column fusion_builder_column fusion_builder_column_1_2 fusion-builder-column-8 fusion-one-half fusion-column-last 1_2\"  style='margin-top:0px;margin-bottom:20px;width:50%;width:calc(50% - ( ( 4% ) * 0.5 ) );'>\n\t\t\t\t\t<div class=\"fusion-column-wrapper\" style=\"padding: 0px 0px 0px 0px;background-position:left top;background-repeat:no-repeat;-webkit-background-size:cover;-moz-background-size:cover;-o-background-size:cover;background-size:cover;\"   data-bg-url=\"\">\n\t\t\t\t\t\t<span style=\"-webkit-border-radius:5px;-moz-border-radius:5px;border-radius:5px;width:100%;max-width:250px;\" class=\"fusion-imageframe imageframe-none imageframe-4 hover-type-none\"><img loading=\"lazy\" src=\"http:\/\/hemonucleo.com.br\/wp-content\/uploads\/2020\/06\/logo_liac_2.png\" width=\"400\" height=\"147\" alt=\"\" title=\"logo_liac_2\" class=\"img-responsive wp-image-13625\" srcset=\"http:\/\/hemonucleo.com.br\/wp-content\/uploads\/2020\/06\/logo_liac_2-200x74.png 200w, http:\/\/hemonucleo.com.br\/wp-content\/uploads\/2020\/06\/logo_liac_2.png 400w\" sizes=\"(max-width: 1100px) 100vw, 400px\" \/><\/span><div class=\"fusion-clearfix\"><\/div>\n\n\t\t\t\t\t<\/div>\n\t\t\t\t<\/div><\/div><\/div><div class=\"fusion-fullwidth fullwidth-box nonhundred-percent-fullwidth non-hundred-percent-height-scrolling fusion-no-medium-visibility fusion-no-large-visibility\"  style='background-color: #fff6f6;background-position: center center;background-repeat: no-repeat;padding-top:50px;padding-right:20px;padding-bottom:50px;padding-left:20px;'><div class=\"fusion-builder-row fusion-row \"><div  class=\"fusion-layout-column fusion_builder_column fusion_builder_column_1_1 fusion-builder-column-9 fusion-one-full fusion-column-first fusion-column-last 1_1\"  style='margin-top:0px;margin-bottom:20px;'>\n\t\t\t\t\t<div class=\"fusion-column-wrapper\" style=\"padding: 0px 0px 0px 0px;background-position:left top;background-repeat:no-repeat;-webkit-background-size:cover;-moz-background-size:cover;-o-background-size:cover;background-size:cover;\"   data-bg-url=\"\">\n\t\t\t\t\t\t<span style=\"-webkit-border-radius:5px;-moz-border-radius:5px;border-radius:5px;\" class=\"fusion-imageframe imageframe-none imageframe-5 hover-type-none\"><img loading=\"lazy\" src=\"http:\/\/hemonucleo.com.br\/wp-content\/uploads\/2019\/09\/seg-e-qual-01.png\" width=\"247\" height=\"113\" alt=\"\" title=\"seg-e-qual-01\" class=\"img-responsive wp-image-13362\" srcset=\"http:\/\/hemonucleo.com.br\/wp-content\/uploads\/2019\/09\/seg-e-qual-01-200x91.png 200w, http:\/\/hemonucleo.com.br\/wp-content\/uploads\/2019\/09\/seg-e-qual-01.png 247w\" sizes=\"(max-width: 1100px) 100vw, 247px\" \/><\/span><div class=\"fusion-sep-clear\"><\/div><div class=\"fusion-separator fusion-full-width-sep sep-none\" style=\"margin-left: auto;margin-right: auto;margin-top:20px;\"><\/div><div class=\"fusion-text\"><p>Participamos do Programa de Avalia\u00e7\u00e3o Externa de Qualidade em Imuno-hematologia da Associa\u00e7\u00e3o Brasileira de Hematologia e Hemoterapia (ABHH).<\/p>\n<\/div><div class=\"fusion-clearfix\"><\/div>\n\n\t\t\t\t\t<\/div>\n\t\t\t\t<\/div><div  class=\"fusion-layout-column fusion_builder_column fusion_builder_column_1_1 fusion-builder-column-10 fusion-one-full fusion-column-first fusion-column-last 1_1\"  style='margin-top:0px;margin-bottom:20px;'>\n\t\t\t\t\t<div class=\"fusion-column-wrapper\" style=\"padding: 0px 0px 0px 0px;background-position:left top;background-repeat:no-repeat;-webkit-background-size:cover;-moz-background-size:cover;-o-background-size:cover;background-size:cover;\"   data-bg-url=\"\">\n\t\t\t\t\t\t<span style=\"-webkit-border-radius:5px;-moz-border-radius:5px;border-radius:5px;\" class=\"fusion-imageframe imageframe-none imageframe-6 hover-type-none\"><img loading=\"lazy\" src=\"http:\/\/hemonucleo.com.br\/wp-content\/uploads\/2020\/06\/logo_liac_2.png\" width=\"400\" height=\"147\" alt=\"\" title=\"logo_liac_2\" class=\"img-responsive wp-image-13625\" srcset=\"http:\/\/hemonucleo.com.br\/wp-content\/uploads\/2020\/06\/logo_liac_2-200x74.png 200w, http:\/\/hemonucleo.com.br\/wp-content\/uploads\/2020\/06\/logo_liac_2.png 400w\" sizes=\"(max-width: 1100px) 100vw, 400px\" \/><\/span><div class=\"fusion-sep-clear\"><\/div><div class=\"fusion-separator fusion-full-width-sep sep-none\" style=\"margin-left: auto;margin-right: auto;margin-top:20px;\"><\/div><div class=\"fusion-text\"><p>Participamos do Programa de Qualidade Externo de hemocomponentes com o Laborat\u00f3rio Integrado de An\u00e1lises Cl\u00ednicas (LIAC) realizando o controle de qualidade dos hemocomponentes produzidos.<\/p>\n<\/div><div class=\"fusion-clearfix\"><\/div>\n\n\t\t\t\t\t<\/div>\n\t\t\t\t<\/div><\/div><\/div><\/p>\n","protected":false},"excerpt":{"rendered":"","protected":false},"author":1,"featured_media":0,"parent":0,"menu_order":0,"comment_status":"closed","ping_status":"closed","template":"","meta":[],"_links":{"self":[{"href":"http:\/\/hemonucleo.com.br\/index.php\/wp-json\/wp\/v2\/pages\/13359"}],"collection":[{"href":"http:\/\/hemonucleo.com.br\/index.php\/wp-json\/wp\/v2\/pages"}],"about":[{"href":"http:\/\/hemonucleo.com.br\/index.php\/wp-json\/wp\/v2\/types\/page"}],"author":[{"embeddable":true,"href":"http:\/\/hemonucleo.com.br\/index.php\/wp-json\/wp\/v2\/users\/1"}],"replies":[{"embeddable":true,"href":"http:\/\/hemonucleo.com.br\/index.php\/wp-json\/wp\/v2\/comments?post=13359"}],"version-history":[{"count":20,"href":"http:\/\/hemonucleo.com.br\/index.php\/wp-json\/wp\/v2\/pages\/13359\/revisions"}],"predecessor-version":[{"id":13628,"href":"http:\/\/hemonucleo.com.br\/index.php\/wp-json\/wp\/v2\/pages\/13359\/revisions\/13628"}],"wp:attachment":[{"href":"http:\/\/hemonucleo.com.br\/index.php\/wp-json\/wp\/v2\/media?parent=13359"}],"curies":[{"name":"wp","href":"https:\/\/api.w.org\/{rel}","templated":true}]}}