{"id":13398,"date":"2019-09-01T17:45:46","date_gmt":"2019-09-01T20:45:46","guid":{"rendered":"http:\/\/hemonucleo.com.br\/?page_id=13398"},"modified":"2020-11-06T22:37:43","modified_gmt":"2020-11-07T01:37:43","slug":"estrutura","status":"publish","type":"page","link":"http:\/\/hemonucleo.com.br\/index.php\/estrutura\/","title":{"rendered":"Estrutura"},"content":{"rendered":"<p><div class=\"fusion-fullwidth fullwidth-box nonhundred-percent-fullwidth non-hundred-percent-height-scrolling fusion-no-small-visibility\"  style='background-color: rgba(255,255,255,0);background-position: center center;background-repeat: no-repeat;padding-top:0px;padding-right:100px;padding-bottom:0px;padding-left:100px;'><div class=\"fusion-builder-row fusion-row \"><div  class=\"fusion-layout-column fusion_builder_column fusion_builder_column_1_2 fusion-builder-column-1 fusion-one-half fusion-column-first 1_2\"  style='margin-top:0px;margin-bottom:20px;width:50%;width:calc(50% - ( ( 4% ) * 0.5 ) );margin-right: 4%;'>\n\t\t\t\t\t<div class=\"fusion-column-wrapper\" style=\"padding: 0px 0px 0px 0px;background-position:left top;background-repeat:no-repeat;-webkit-background-size:cover;-moz-background-size:cover;-o-background-size:cover;background-size:cover;\"   data-bg-url=\"\">\n\t\t\t\t\t\t<div class=\"fusion-text\"><p>Possu\u00edmos uma infraestrutura completa com \u00e1rea f\u00edsica especialmente dimensionada para oferecer o maior conforto e seguran\u00e7a aos doadores. Aqui s\u00e3o realizados a coleta, o processamento, e todos os exames e procedimentos t\u00e9cnicos necess\u00e1rios para a libera\u00e7\u00e3o e distribui\u00e7\u00e3o dos hemocomponentes para os hospitais conveniados.<\/p>\n<\/div><div class=\"fusion-clearfix\"><\/div>\n\n\t\t\t\t\t<\/div>\n\t\t\t\t<\/div><div  class=\"fusion-layout-column fusion_builder_column fusion_builder_column_1_2 fusion-builder-column-2 fusion-one-half fusion-column-last 1_2\"  style='margin-top:0px;margin-bottom:20px;width:50%;width:calc(50% - ( ( 4% ) * 0.5 ) );'>\n\t\t\t\t\t<div class=\"fusion-column-wrapper\" style=\"padding: 0px 0px 0px 0px;background-position:left top;background-repeat:no-repeat;-webkit-background-size:cover;-moz-background-size:cover;-o-background-size:cover;background-size:cover;\"   data-bg-url=\"\">\n\t\t\t\t\t\t<div class=\"fusion-text com-bolinhas\"><p><img loading=\"lazy\" class=\"alignnone size-full wp-image-13383\" src=\"http:\/\/hemonucleo.com.br\/wp-content\/uploads\/2019\/09\/bolinha.png\" alt=\"\" width=\"6\" height=\"6\" \/> Recep\u00e7\u00e3o e cadastro de doadores<br \/>\n<img loading=\"lazy\" class=\"alignnone size-full wp-image-13383\" src=\"http:\/\/hemonucleo.com.br\/wp-content\/uploads\/2019\/09\/bolinha.png\" alt=\"\" width=\"6\" height=\"6\" \/> Consult\u00f3rios para triagem cl\u00ednica e hematol\u00f3gica<br \/>\n<img loading=\"lazy\" class=\"alignnone size-full wp-image-13383\" src=\"http:\/\/hemonucleo.com.br\/wp-content\/uploads\/2019\/09\/bolinha.png\" alt=\"\" width=\"6\" height=\"6\" \/> Sala para coleta de sangue de doadores<br \/>\n<img loading=\"lazy\" class=\"alignnone size-full wp-image-13383\" src=\"http:\/\/hemonucleo.com.br\/wp-content\/uploads\/2019\/09\/bolinha.png\" alt=\"\" width=\"6\" height=\"6\" \/> Laborat\u00f3rio de processamento de sangue<br \/>\n<img loading=\"lazy\" class=\"alignnone size-full wp-image-13383\" src=\"http:\/\/hemonucleo.com.br\/wp-content\/uploads\/2019\/09\/bolinha.png\" alt=\"\" width=\"6\" height=\"6\" \/> Laborat\u00f3rio de imuno-hematologia e compatibilidade<br \/>\n<img loading=\"lazy\" class=\"alignnone size-full wp-image-13383\" src=\"http:\/\/hemonucleo.com.br\/wp-content\/uploads\/2019\/09\/bolinha.png\" alt=\"\" width=\"6\" height=\"6\" \/> Setor de estocagem e distribui\u00e7\u00e3o de hemocomponentes<br \/>\n<img loading=\"lazy\" class=\"alignnone size-full wp-image-13383\" src=\"http:\/\/hemonucleo.com.br\/wp-content\/uploads\/2019\/09\/bolinha.png\" alt=\"\" width=\"6\" height=\"6\" \/> \u00c1rea de lanche para doadores<br \/>\n<img loading=\"lazy\" class=\"alignnone size-full wp-image-13383\" src=\"http:\/\/hemonucleo.com.br\/wp-content\/uploads\/2019\/09\/bolinha.png\" alt=\"\" width=\"6\" height=\"6\" \/> \u00c1reas administrativas e apoio aos colaboradores<\/p>\n<\/div><div class=\"fusion-clearfix\"><\/div>\n\n\t\t\t\t\t<\/div>\n\t\t\t\t<\/div><\/div><\/div><div class=\"fusion-fullwidth fullwidth-box nonhundred-percent-fullwidth non-hundred-percent-height-scrolling fusion-no-medium-visibility fusion-no-large-visibility\"  style='background-color: rgba(255,255,255,0);background-position: center center;background-repeat: no-repeat;padding-top:0px;padding-right:20px;padding-bottom:0px;padding-left:20px;'><div class=\"fusion-builder-row fusion-row \"><div  class=\"fusion-layout-column fusion_builder_column fusion_builder_column_1_2 fusion-builder-column-3 fusion-one-half fusion-column-first 1_2\"  style='margin-top:0px;margin-bottom:20px;width:50%;width:calc(50% - ( ( 4% ) * 0.5 ) );margin-right: 4%;'>\n\t\t\t\t\t<div class=\"fusion-column-wrapper\" style=\"padding: 0px 0px 0px 0px;background-position:left top;background-repeat:no-repeat;-webkit-background-size:cover;-moz-background-size:cover;-o-background-size:cover;background-size:cover;\"   data-bg-url=\"\">\n\t\t\t\t\t\t<div class=\"fusion-text\"><p>Possu\u00edmos uma infraestrutura completa com \u00e1rea f\u00edsica especialmente dimensionada para oferecer o maior conforto e seguran\u00e7a aos doadores. Aqui s\u00e3o realizados a coleta, o processamento, e todos os exames e procedimentos t\u00e9cnicos necess\u00e1rios para a libera\u00e7\u00e3o e distribui\u00e7\u00e3o dos hemocomponentes para os hospitais conveniados.<\/p>\n<\/div><div class=\"fusion-clearfix\"><\/div>\n\n\t\t\t\t\t<\/div>\n\t\t\t\t<\/div><div  class=\"fusion-layout-column fusion_builder_column fusion_builder_column_1_2 fusion-builder-column-4 fusion-one-half fusion-column-last 1_2\"  style='margin-top:0px;margin-bottom:20px;width:50%;width:calc(50% - ( ( 4% ) * 0.5 ) );'>\n\t\t\t\t\t<div class=\"fusion-column-wrapper\" style=\"padding: 0px 0px 0px 0px;background-position:left top;background-repeat:no-repeat;-webkit-background-size:cover;-moz-background-size:cover;-o-background-size:cover;background-size:cover;\"   data-bg-url=\"\">\n\t\t\t\t\t\t<div class=\"fusion-text com-bolinhas\"><p><img loading=\"lazy\" class=\"alignnone size-full wp-image-13383\" src=\"http:\/\/hemonucleo.com.br\/wp-content\/uploads\/2019\/09\/bolinha.png\" alt=\"\" width=\"6\" height=\"6\" \/> Recep\u00e7\u00e3o e cadastro de doadores<br \/>\n<img loading=\"lazy\" class=\"alignnone size-full wp-image-13383\" src=\"http:\/\/hemonucleo.com.br\/wp-content\/uploads\/2019\/09\/bolinha.png\" alt=\"\" width=\"6\" height=\"6\" \/> Consult\u00f3rios para triagem cl\u00ednica e hematol\u00f3gica<br \/>\n<img loading=\"lazy\" class=\"alignnone size-full wp-image-13383\" src=\"http:\/\/hemonucleo.com.br\/wp-content\/uploads\/2019\/09\/bolinha.png\" alt=\"\" width=\"6\" height=\"6\" \/> Sala para coleta de sangue de doadores<br \/>\n<img loading=\"lazy\" class=\"alignnone size-full wp-image-13383\" src=\"http:\/\/hemonucleo.com.br\/wp-content\/uploads\/2019\/09\/bolinha.png\" alt=\"\" width=\"6\" height=\"6\" \/> Laborat\u00f3rio de processamento de sangue<br \/>\n<img loading=\"lazy\" class=\"alignnone size-full wp-image-13383\" src=\"http:\/\/hemonucleo.com.br\/wp-content\/uploads\/2019\/09\/bolinha.png\" alt=\"\" width=\"6\" height=\"6\" \/> Laborat\u00f3rio de imuno-hematologia e compatibilidade<br \/>\n<img loading=\"lazy\" class=\"alignnone size-full wp-image-13383\" src=\"http:\/\/hemonucleo.com.br\/wp-content\/uploads\/2019\/09\/bolinha.png\" alt=\"\" width=\"6\" height=\"6\" \/> Setor de estocagem e distribui\u00e7\u00e3o de hemocomponentes<br \/>\n<img loading=\"lazy\" class=\"alignnone size-full wp-image-13383\" src=\"http:\/\/hemonucleo.com.br\/wp-content\/uploads\/2019\/09\/bolinha.png\" alt=\"\" width=\"6\" height=\"6\" \/> \u00c1rea de lanche para doadores<br \/>\n<img loading=\"lazy\" class=\"alignnone size-full wp-image-13383\" src=\"http:\/\/hemonucleo.com.br\/wp-content\/uploads\/2019\/09\/bolinha.png\" alt=\"\" width=\"6\" height=\"6\" \/> \u00c1reas administrativas e apoio aos colaboradores<\/p>\n<\/div><div class=\"fusion-clearfix\"><\/div>\n\n\t\t\t\t\t<\/div>\n\t\t\t\t<\/div><\/div><\/div><div class=\"fusion-fullwidth fullwidth-box no-margin-bottom nonhundred-percent-fullwidth non-hundred-percent-height-scrolling\"  style='background-color: rgba(255,255,255,0);background-position: center center;background-repeat: no-repeat;padding-top:0px;padding-right:0px;padding-bottom:0px;padding-left:0px;'><div class=\"fusion-builder-row fusion-row \"><div  class=\"fusion-layout-column fusion_builder_column fusion_builder_column_1_3 fusion-builder-column-5 fusion-one-third fusion-column-first fusion-spacing-no 1_3\"  style='margin-top:0px;margin-bottom:20px;width:33.33%;width:calc(33.33% - ( ( 0 + 0 ) * 0.3333 ) );margin-right: 0px;'>\n\t\t\t\t\t<div class=\"fusion-column-wrapper\" style=\"padding: 0px 0px 0px 0px;background-position:left top;background-repeat:no-repeat;-webkit-background-size:cover;-moz-background-size:cover;-o-background-size:cover;background-size:cover;\"   data-bg-url=\"\">\n\t\t\t\t\t\t<span class=\"fusion-imageframe imageframe-none imageframe-1 hover-type-zoomin\"><a href=\"http:\/\/hemonucleo.com.br\/wp-content\/uploads\/2020\/11\/estrutura-01.jpeg\" class=\"fusion-lightbox\" data-rel=\"iLightbox[532bbcc9a48fc5dc12d]\" data-title=\"estrutura-01\" title=\"estrutura-01\"><img loading=\"lazy\" src=\"http:\/\/hemonucleo.com.br\/wp-content\/uploads\/2020\/11\/estrutura-01.jpeg\" width=\"1280\" height=\"853\" alt=\"\" class=\"img-responsive wp-image-13652\" srcset=\"http:\/\/hemonucleo.com.br\/wp-content\/uploads\/2020\/11\/estrutura-01-200x133.jpeg 200w, http:\/\/hemonucleo.com.br\/wp-content\/uploads\/2020\/11\/estrutura-01-400x267.jpeg 400w, http:\/\/hemonucleo.com.br\/wp-content\/uploads\/2020\/11\/estrutura-01-600x400.jpeg 600w, http:\/\/hemonucleo.com.br\/wp-content\/uploads\/2020\/11\/estrutura-01-800x533.jpeg 800w, http:\/\/hemonucleo.com.br\/wp-content\/uploads\/2020\/11\/estrutura-01-1200x800.jpeg 1200w, http:\/\/hemonucleo.com.br\/wp-content\/uploads\/2020\/11\/estrutura-01.jpeg 1280w\" sizes=\"(max-width: 1100px) 100vw, 400px\" \/><\/a><\/span><div class=\"fusion-clearfix\"><\/div>\n\n\t\t\t\t\t<\/div>\n\t\t\t\t<\/div><div  class=\"fusion-layout-column fusion_builder_column fusion_builder_column_1_3 fusion-builder-column-6 fusion-one-third fusion-spacing-no 1_3\"  style='margin-top:0px;margin-bottom:20px;width:33.33%;width:calc(33.33% - ( ( 0 + 0 ) * 0.3333 ) );margin-right: 0px;'>\n\t\t\t\t\t<div class=\"fusion-column-wrapper\" style=\"padding: 0px 0px 0px 0px;background-position:left top;background-repeat:no-repeat;-webkit-background-size:cover;-moz-background-size:cover;-o-background-size:cover;background-size:cover;\"   data-bg-url=\"\">\n\t\t\t\t\t\t<span class=\"fusion-imageframe imageframe-none imageframe-2 hover-type-zoomin\"><a href=\"http:\/\/hemonucleo.com.br\/wp-content\/uploads\/2020\/11\/estrutura-02.jpeg\" class=\"fusion-lightbox\" data-rel=\"iLightbox[b9a1b9d04be5490d2f5]\" data-title=\"estrutura-02\" title=\"estrutura-02\"><img loading=\"lazy\" src=\"http:\/\/hemonucleo.com.br\/wp-content\/uploads\/2020\/11\/estrutura-02.jpeg\" width=\"1280\" height=\"853\" alt=\"\" class=\"img-responsive wp-image-13653\" srcset=\"http:\/\/hemonucleo.com.br\/wp-content\/uploads\/2020\/11\/estrutura-02-200x133.jpeg 200w, http:\/\/hemonucleo.com.br\/wp-content\/uploads\/2020\/11\/estrutura-02-400x267.jpeg 400w, http:\/\/hemonucleo.com.br\/wp-content\/uploads\/2020\/11\/estrutura-02-600x400.jpeg 600w, http:\/\/hemonucleo.com.br\/wp-content\/uploads\/2020\/11\/estrutura-02-800x533.jpeg 800w, http:\/\/hemonucleo.com.br\/wp-content\/uploads\/2020\/11\/estrutura-02-1200x800.jpeg 1200w, http:\/\/hemonucleo.com.br\/wp-content\/uploads\/2020\/11\/estrutura-02.jpeg 1280w\" sizes=\"(max-width: 1100px) 100vw, 400px\" \/><\/a><\/span><div class=\"fusion-clearfix\"><\/div>\n\n\t\t\t\t\t<\/div>\n\t\t\t\t<\/div><div  class=\"fusion-layout-column fusion_builder_column fusion_builder_column_1_3 fusion-builder-column-7 fusion-one-third fusion-column-last fusion-spacing-no 1_3\"  style='margin-top:0px;margin-bottom:20px;width:33.33%;width:calc(33.33% - ( ( 0 + 0 ) * 0.3333 ) );'>\n\t\t\t\t\t<div class=\"fusion-column-wrapper\" style=\"padding: 0px 0px 0px 0px;background-position:left top;background-repeat:no-repeat;-webkit-background-size:cover;-moz-background-size:cover;-o-background-size:cover;background-size:cover;\"   data-bg-url=\"\">\n\t\t\t\t\t\t<span class=\"fusion-imageframe imageframe-none imageframe-3 hover-type-zoomin\"><a href=\"http:\/\/hemonucleo.com.br\/wp-content\/uploads\/2020\/11\/estrutura-03.jpeg\" class=\"fusion-lightbox\" data-rel=\"iLightbox[99052eda084a083e458]\" data-title=\"estrutura-03\" title=\"estrutura-03\"><img loading=\"lazy\" src=\"http:\/\/hemonucleo.com.br\/wp-content\/uploads\/2020\/11\/estrutura-03.jpeg\" width=\"1280\" height=\"853\" alt=\"\" class=\"img-responsive wp-image-13654\" srcset=\"http:\/\/hemonucleo.com.br\/wp-content\/uploads\/2020\/11\/estrutura-03-200x133.jpeg 200w, http:\/\/hemonucleo.com.br\/wp-content\/uploads\/2020\/11\/estrutura-03-400x267.jpeg 400w, http:\/\/hemonucleo.com.br\/wp-content\/uploads\/2020\/11\/estrutura-03-600x400.jpeg 600w, http:\/\/hemonucleo.com.br\/wp-content\/uploads\/2020\/11\/estrutura-03-800x533.jpeg 800w, http:\/\/hemonucleo.com.br\/wp-content\/uploads\/2020\/11\/estrutura-03-1200x800.jpeg 1200w, http:\/\/hemonucleo.com.br\/wp-content\/uploads\/2020\/11\/estrutura-03.jpeg 1280w\" sizes=\"(max-width: 1100px) 100vw, 400px\" \/><\/a><\/span><div class=\"fusion-clearfix\"><\/div>\n\n\t\t\t\t\t<\/div>\n\t\t\t\t<\/div><\/div><\/div><div class=\"fusion-fullwidth fullwidth-box no-top-margin nonhundred-percent-fullwidth non-hundred-percent-height-scrolling\"  style='background-color: rgba(255,255,255,0);background-position: center center;background-repeat: no-repeat;padding-top:0px;padding-right:0px;padding-bottom:0px;padding-left:0px;margin-top: -10px;'><div class=\"fusion-builder-row fusion-row \"><div  class=\"fusion-layout-column fusion_builder_column fusion_builder_column_1_3 fusion-builder-column-8 fusion-one-third fusion-column-first fusion-spacing-no 1_3\"  style='margin-top:0px;margin-bottom:20px;width:33.33%;width:calc(33.33% - ( ( 0 + 0 ) * 0.3333 ) );margin-right: 0px;'>\n\t\t\t\t\t<div class=\"fusion-column-wrapper\" style=\"padding: 0px 0px 0px 0px;background-position:left top;background-repeat:no-repeat;-webkit-background-size:cover;-moz-background-size:cover;-o-background-size:cover;background-size:cover;\"   data-bg-url=\"\">\n\t\t\t\t\t\t<span class=\"fusion-imageframe imageframe-none imageframe-4 hover-type-zoomin\"><a href=\"http:\/\/hemonucleo.com.br\/wp-content\/uploads\/2020\/11\/estrutura-04.jpeg\" class=\"fusion-lightbox\" data-rel=\"iLightbox[9bce0a4368b2eaa494d]\" data-title=\"estrutura-04\" title=\"estrutura-04\"><img loading=\"lazy\" src=\"http:\/\/hemonucleo.com.br\/wp-content\/uploads\/2020\/11\/estrutura-04.jpeg\" width=\"1280\" height=\"853\" alt=\"\" class=\"img-responsive wp-image-13655\" srcset=\"http:\/\/hemonucleo.com.br\/wp-content\/uploads\/2020\/11\/estrutura-04-200x133.jpeg 200w, http:\/\/hemonucleo.com.br\/wp-content\/uploads\/2020\/11\/estrutura-04-400x267.jpeg 400w, http:\/\/hemonucleo.com.br\/wp-content\/uploads\/2020\/11\/estrutura-04-600x400.jpeg 600w, http:\/\/hemonucleo.com.br\/wp-content\/uploads\/2020\/11\/estrutura-04-800x533.jpeg 800w, http:\/\/hemonucleo.com.br\/wp-content\/uploads\/2020\/11\/estrutura-04-1200x800.jpeg 1200w, http:\/\/hemonucleo.com.br\/wp-content\/uploads\/2020\/11\/estrutura-04.jpeg 1280w\" sizes=\"(max-width: 1100px) 100vw, 400px\" \/><\/a><\/span><div class=\"fusion-clearfix\"><\/div>\n\n\t\t\t\t\t<\/div>\n\t\t\t\t<\/div><div  class=\"fusion-layout-column fusion_builder_column fusion_builder_column_1_3 fusion-builder-column-9 fusion-one-third fusion-spacing-no 1_3\"  style='margin-top:0px;margin-bottom:20px;width:33.33%;width:calc(33.33% - ( ( 0 + 0 ) * 0.3333 ) );margin-right: 0px;'>\n\t\t\t\t\t<div class=\"fusion-column-wrapper\" style=\"padding: 0px 0px 0px 0px;background-position:left top;background-repeat:no-repeat;-webkit-background-size:cover;-moz-background-size:cover;-o-background-size:cover;background-size:cover;\"   data-bg-url=\"\">\n\t\t\t\t\t\t<span class=\"fusion-imageframe imageframe-none imageframe-5 hover-type-zoomin\"><a href=\"http:\/\/hemonucleo.com.br\/wp-content\/uploads\/2020\/11\/estrutura-05.jpeg\" class=\"fusion-lightbox\" data-rel=\"iLightbox[91c856fe18955564434]\" data-title=\"estrutura-05\" title=\"estrutura-05\"><img loading=\"lazy\" src=\"http:\/\/hemonucleo.com.br\/wp-content\/uploads\/2020\/11\/estrutura-05.jpeg\" width=\"1280\" height=\"853\" alt=\"\" class=\"img-responsive wp-image-13656\" srcset=\"http:\/\/hemonucleo.com.br\/wp-content\/uploads\/2020\/11\/estrutura-05-200x133.jpeg 200w, http:\/\/hemonucleo.com.br\/wp-content\/uploads\/2020\/11\/estrutura-05-400x267.jpeg 400w, http:\/\/hemonucleo.com.br\/wp-content\/uploads\/2020\/11\/estrutura-05-600x400.jpeg 600w, http:\/\/hemonucleo.com.br\/wp-content\/uploads\/2020\/11\/estrutura-05-800x533.jpeg 800w, http:\/\/hemonucleo.com.br\/wp-content\/uploads\/2020\/11\/estrutura-05-1200x800.jpeg 1200w, http:\/\/hemonucleo.com.br\/wp-content\/uploads\/2020\/11\/estrutura-05.jpeg 1280w\" sizes=\"(max-width: 1100px) 100vw, 400px\" \/><\/a><\/span><div class=\"fusion-clearfix\"><\/div>\n\n\t\t\t\t\t<\/div>\n\t\t\t\t<\/div><div  class=\"fusion-layout-column fusion_builder_column fusion_builder_column_1_3 fusion-builder-column-10 fusion-one-third fusion-column-last fusion-spacing-no 1_3\"  style='margin-top:0px;margin-bottom:20px;width:33.33%;width:calc(33.33% - ( ( 0 + 0 ) * 0.3333 ) );'>\n\t\t\t\t\t<div class=\"fusion-column-wrapper\" style=\"padding: 0px 0px 0px 0px;background-position:left top;background-repeat:no-repeat;-webkit-background-size:cover;-moz-background-size:cover;-o-background-size:cover;background-size:cover;\"   data-bg-url=\"\">\n\t\t\t\t\t\t<span class=\"fusion-imageframe imageframe-none imageframe-6 hover-type-zoomin\"><a href=\"http:\/\/hemonucleo.com.br\/wp-content\/uploads\/2020\/11\/estrutura-06.jpeg\" class=\"fusion-lightbox\" data-rel=\"iLightbox[39864330530b04de282]\" data-title=\"estrutura-06\" title=\"estrutura-06\"><img loading=\"lazy\" src=\"http:\/\/hemonucleo.com.br\/wp-content\/uploads\/2020\/11\/estrutura-06.jpeg\" width=\"1280\" height=\"853\" alt=\"\" class=\"img-responsive wp-image-13657\" srcset=\"http:\/\/hemonucleo.com.br\/wp-content\/uploads\/2020\/11\/estrutura-06-200x133.jpeg 200w, http:\/\/hemonucleo.com.br\/wp-content\/uploads\/2020\/11\/estrutura-06-400x267.jpeg 400w, http:\/\/hemonucleo.com.br\/wp-content\/uploads\/2020\/11\/estrutura-06-600x400.jpeg 600w, http:\/\/hemonucleo.com.br\/wp-content\/uploads\/2020\/11\/estrutura-06-800x533.jpeg 800w, http:\/\/hemonucleo.com.br\/wp-content\/uploads\/2020\/11\/estrutura-06-1200x800.jpeg 1200w, http:\/\/hemonucleo.com.br\/wp-content\/uploads\/2020\/11\/estrutura-06.jpeg 1280w\" sizes=\"(max-width: 1100px) 100vw, 400px\" \/><\/a><\/span><div class=\"fusion-clearfix\"><\/div>\n\n\t\t\t\t\t<\/div>\n\t\t\t\t<\/div><\/div><\/div><\/p>\n","protected":false},"excerpt":{"rendered":"","protected":false},"author":1,"featured_media":0,"parent":0,"menu_order":0,"comment_status":"closed","ping_status":"closed","template":"","meta":[],"_links":{"self":[{"href":"http:\/\/hemonucleo.com.br\/index.php\/wp-json\/wp\/v2\/pages\/13398"}],"collection":[{"href":"http:\/\/hemonucleo.com.br\/index.php\/wp-json\/wp\/v2\/pages"}],"about":[{"href":"http:\/\/hemonucleo.com.br\/index.php\/wp-json\/wp\/v2\/types\/page"}],"author":[{"embeddable":true,"href":"http:\/\/hemonucleo.com.br\/index.php\/wp-json\/wp\/v2\/users\/1"}],"replies":[{"embeddable":true,"href":"http:\/\/hemonucleo.com.br\/index.php\/wp-json\/wp\/v2\/comments?post=13398"}],"version-history":[{"count":16,"href":"http:\/\/hemonucleo.com.br\/index.php\/wp-json\/wp\/v2\/pages\/13398\/revisions"}],"predecessor-version":[{"id":13660,"href":"http:\/\/hemonucleo.com.br\/index.php\/wp-json\/wp\/v2\/pages\/13398\/revisions\/13660"}],"wp:attachment":[{"href":"http:\/\/hemonucleo.com.br\/index.php\/wp-json\/wp\/v2\/media?parent=13398"}],"curies":[{"name":"wp","href":"https:\/\/api.w.org\/{rel}","templated":true}]}}