{"id":13530,"date":"2019-09-12T16:03:54","date_gmt":"2019-09-12T19:03:54","guid":{"rendered":"http:\/\/hemonucleo.com.br\/?page_id=13530"},"modified":"2019-09-12T16:03:54","modified_gmt":"2019-09-12T19:03:54","slug":"transfusao","status":"publish","type":"page","link":"http:\/\/hemonucleo.com.br\/index.php\/transfusao\/","title":{"rendered":"Transfus\u00e3o"},"content":{"rendered":"<p><div class=\"fusion-fullwidth fullwidth-box nonhundred-percent-fullwidth non-hundred-percent-height-scrolling fusion-no-small-visibility\"  style='background-color: rgba(255,255,255,0);background-position: center center;background-repeat: no-repeat;padding-top:0px;padding-right:100px;padding-bottom:0px;padding-left:100px;'><div class=\"fusion-builder-row fusion-row \"><div  class=\"fusion-layout-column fusion_builder_column fusion_builder_column_1_1 fusion-builder-column-1 fusion-one-full fusion-column-first fusion-column-last 1_1\"  style='margin-top:0px;margin-bottom:50px;'>\n\t\t\t\t\t<div class=\"fusion-column-wrapper\" style=\"padding: 0px 0px 0px 0px;background-position:left top;background-repeat:no-repeat;-webkit-background-size:cover;-moz-background-size:cover;-o-background-size:cover;background-size:cover;\"   data-bg-url=\"\">\n\t\t\t\t\t\t<div class=\"imageframe-align-center\"><span style=\"-webkit-border-radius:5px;-moz-border-radius:5px;border-radius:5px;\" class=\"fusion-imageframe imageframe-none imageframe-1 hover-type-none\"><img loading=\"lazy\" src=\"http:\/\/hemonucleo.com.br\/wp-content\/uploads\/2019\/09\/transfusao.png\" width=\"1117\" height=\"281\" alt=\"\" title=\"transfusao\" class=\"img-responsive wp-image-13531\" srcset=\"http:\/\/hemonucleo.com.br\/wp-content\/uploads\/2019\/09\/transfusao-200x50.png 200w, http:\/\/hemonucleo.com.br\/wp-content\/uploads\/2019\/09\/transfusao-400x101.png 400w, http:\/\/hemonucleo.com.br\/wp-content\/uploads\/2019\/09\/transfusao-600x151.png 600w, http:\/\/hemonucleo.com.br\/wp-content\/uploads\/2019\/09\/transfusao-800x201.png 800w, http:\/\/hemonucleo.com.br\/wp-content\/uploads\/2019\/09\/transfusao.png 1117w\" sizes=\"(max-width: 1100px) 100vw, 1117px\" \/><\/span><\/div><div class=\"fusion-clearfix\"><\/div>\n\n\t\t\t\t\t<\/div>\n\t\t\t\t<\/div><div  class=\"fusion-layout-column fusion_builder_column fusion_builder_column_1_2 fusion-builder-column-2 fusion-one-half fusion-column-first 1_2\"  style='margin-top:0px;margin-bottom:20px;width:50%;width:calc(50% - ( ( 4% ) * 0.5 ) );margin-right: 4%;'>\n\t\t\t\t\t<div class=\"fusion-column-wrapper\" style=\"padding: 0px 0px 0px 0px;background-position:left top;background-repeat:no-repeat;-webkit-background-size:cover;-moz-background-size:cover;-o-background-size:cover;background-size:cover;\"   data-bg-url=\"\">\n\t\t\t\t\t\t<div class=\"fusion-text\"><p>A transfus\u00e3o de sangue e hemocomponentes consiste em um procedimento que se inicia na doa\u00e7\u00e3o de sangue e finaliza com o acompanhamento do paciente durante e ap\u00f3s o procedimento transfusional.<\/p>\n<p>O sangue que doado \u00e9 separado nos seus componentes principais &#8211; os hemocomponentes, e estes s\u00e3o fracionados em seus diversos elementos &#8211; os hemoderivados, para a aplica\u00e7\u00e3o terap\u00eautica somente da frac\u00e7\u00e3o necess\u00e1ria. Cada componente do sangue tem propriedades especiais e pode ser usado para tratar de problemas espec\u00edficos de<\/p>\n<\/div><div class=\"fusion-clearfix\"><\/div>\n\n\t\t\t\t\t<\/div>\n\t\t\t\t<\/div><div  class=\"fusion-layout-column fusion_builder_column fusion_builder_column_1_2 fusion-builder-column-3 fusion-one-half fusion-column-last 1_2\"  style='margin-top:0px;margin-bottom:20px;width:50%;width:calc(50% - ( ( 4% ) * 0.5 ) );'>\n\t\t\t\t\t<div class=\"fusion-column-wrapper\" style=\"padding: 0px 0px 0px 0px;background-position:left top;background-repeat:no-repeat;-webkit-background-size:cover;-moz-background-size:cover;-o-background-size:cover;background-size:cover;\"   data-bg-url=\"\">\n\t\t\t\t\t\t<div class=\"fusion-text\"><p>cada paciente. Os hemocomponentes mais frequentemente utilizados s\u00e3o os concentrados de hem\u00e1cias, plaquetas e plasma.<\/p>\n<p>A transfus\u00e3o \u00e9 uma terapia que tem se mostrado muito eficaz em situa\u00e7\u00f5es de choque, hemorragias ou doen\u00e7as sangu\u00edneas. Frequentemente usa-se transfus\u00e3o em interven\u00e7\u00f5es cir\u00fargicas, traumatismos, hemorragias digestivas ou em outros casos em que tenha havido grande perda de sangue. Infelizmente ainda n\u00e3o existem substitutos para todas as fun\u00e7\u00f5es do sangue.<\/p>\n<\/div><div class=\"fusion-clearfix\"><\/div>\n\n\t\t\t\t\t<\/div>\n\t\t\t\t<\/div><\/div><\/div><div class=\"fusion-fullwidth fullwidth-box nonhundred-percent-fullwidth non-hundred-percent-height-scrolling fusion-no-medium-visibility fusion-no-large-visibility\"  style='background-color: rgba(255,255,255,0);background-position: center center;background-repeat: no-repeat;padding-top:0px;padding-right:20px;padding-bottom:0px;padding-left:20px;'><div class=\"fusion-builder-row fusion-row \"><div  class=\"fusion-layout-column fusion_builder_column fusion_builder_column_1_1 fusion-builder-column-4 fusion-one-full fusion-column-first fusion-column-last 1_1\"  style='margin-top:0px;margin-bottom:50px;'>\n\t\t\t\t\t<div class=\"fusion-column-wrapper\" style=\"padding: 0px 0px 0px 0px;background-position:left top;background-repeat:no-repeat;-webkit-background-size:cover;-moz-background-size:cover;-o-background-size:cover;background-size:cover;\"   data-bg-url=\"\">\n\t\t\t\t\t\t<div class=\"imageframe-align-center\"><span style=\"-webkit-border-radius:5px;-moz-border-radius:5px;border-radius:5px;\" class=\"fusion-imageframe imageframe-none imageframe-2 hover-type-none\"><img loading=\"lazy\" src=\"http:\/\/hemonucleo.com.br\/wp-content\/uploads\/2019\/09\/transfusao.png\" width=\"1117\" height=\"281\" alt=\"\" title=\"transfusao\" class=\"img-responsive wp-image-13531\" srcset=\"http:\/\/hemonucleo.com.br\/wp-content\/uploads\/2019\/09\/transfusao-200x50.png 200w, http:\/\/hemonucleo.com.br\/wp-content\/uploads\/2019\/09\/transfusao-400x101.png 400w, http:\/\/hemonucleo.com.br\/wp-content\/uploads\/2019\/09\/transfusao-600x151.png 600w, http:\/\/hemonucleo.com.br\/wp-content\/uploads\/2019\/09\/transfusao-800x201.png 800w, http:\/\/hemonucleo.com.br\/wp-content\/uploads\/2019\/09\/transfusao.png 1117w\" sizes=\"(max-width: 1100px) 100vw, 1117px\" \/><\/span><\/div><div class=\"fusion-clearfix\"><\/div>\n\n\t\t\t\t\t<\/div>\n\t\t\t\t<\/div><div  class=\"fusion-layout-column fusion_builder_column fusion_builder_column_1_1 fusion-builder-column-5 fusion-one-full fusion-column-first fusion-column-last 1_1\"  style='margin-top:0px;margin-bottom:20px;'>\n\t\t\t\t\t<div class=\"fusion-column-wrapper\" style=\"padding: 0px 0px 0px 0px;background-position:left top;background-repeat:no-repeat;-webkit-background-size:cover;-moz-background-size:cover;-o-background-size:cover;background-size:cover;\"   data-bg-url=\"\">\n\t\t\t\t\t\t<div class=\"fusion-text\"><p>A transfus\u00e3o de sangue e hemocomponentes consiste em um procedimento que se inicia na doa\u00e7\u00e3o de sangue e finaliza com o acompanhamento do paciente durante e ap\u00f3s o procedimento transfusional.<\/p>\n<p>O sangue que doado \u00e9 separado nos seus componentes principais &#8211; os hemocomponentes, e estes s\u00e3o fracionados em seus diversos elementos &#8211; os hemoderivados, para a aplica\u00e7\u00e3o terap\u00eautica somente da frac\u00e7\u00e3o necess\u00e1ria. Cada componente do sangue tem propriedades especiais e pode ser usado para tratar de problemas espec\u00edficos de cada paciente. Os hemocomponentes mais frequentemente utilizados s\u00e3o os concentrados de hem\u00e1cias, plaquetas e plasma.<\/p>\n<p>A transfus\u00e3o \u00e9 uma terapia que tem se mostrado muito eficaz em situa\u00e7\u00f5es de choque, hemorragias ou doen\u00e7as sangu\u00edneas. Frequentemente usa-se transfus\u00e3o em interven\u00e7\u00f5es cir\u00fargicas, traumatismos, hemorragias digestivas ou em outros casos em que tenha havido grande perda de sangue. Infelizmente ainda n\u00e3o existem substitutos para todas as fun\u00e7\u00f5es do sangue.<\/p>\n<\/div><div class=\"fusion-clearfix\"><\/div>\n\n\t\t\t\t\t<\/div>\n\t\t\t\t<\/div><\/div><\/div><\/p>\n","protected":false},"excerpt":{"rendered":"","protected":false},"author":1,"featured_media":0,"parent":0,"menu_order":0,"comment_status":"closed","ping_status":"closed","template":"","meta":[],"_links":{"self":[{"href":"http:\/\/hemonucleo.com.br\/index.php\/wp-json\/wp\/v2\/pages\/13530"}],"collection":[{"href":"http:\/\/hemonucleo.com.br\/index.php\/wp-json\/wp\/v2\/pages"}],"about":[{"href":"http:\/\/hemonucleo.com.br\/index.php\/wp-json\/wp\/v2\/types\/page"}],"author":[{"embeddable":true,"href":"http:\/\/hemonucleo.com.br\/index.php\/wp-json\/wp\/v2\/users\/1"}],"replies":[{"embeddable":true,"href":"http:\/\/hemonucleo.com.br\/index.php\/wp-json\/wp\/v2\/comments?post=13530"}],"version-history":[{"count":1,"href":"http:\/\/hemonucleo.com.br\/index.php\/wp-json\/wp\/v2\/pages\/13530\/revisions"}],"predecessor-version":[{"id":13532,"href":"http:\/\/hemonucleo.com.br\/index.php\/wp-json\/wp\/v2\/pages\/13530\/revisions\/13532"}],"wp:attachment":[{"href":"http:\/\/hemonucleo.com.br\/index.php\/wp-json\/wp\/v2\/media?parent=13530"}],"curies":[{"name":"wp","href":"https:\/\/api.w.org\/{rel}","templated":true}]}}