{"id":13533,"date":"2019-09-12T16:12:07","date_gmt":"2019-09-12T19:12:07","guid":{"rendered":"http:\/\/hemonucleo.com.br\/?page_id=13533"},"modified":"2021-01-18T13:26:50","modified_gmt":"2021-01-18T16:26:50","slug":"sua-campanha-de-doacao","status":"publish","type":"page","link":"http:\/\/hemonucleo.com.br\/index.php\/sua-campanha-de-doacao\/","title":{"rendered":"Sua campanha de doa\u00e7\u00e3o"},"content":{"rendered":"<p><div class=\"fusion-fullwidth fullwidth-box fusion-parallax-none top-inline nonhundred-percent-fullwidth non-hundred-percent-height-scrolling fusion-no-small-visibility\"  style='background-color: rgba(255,255,255,0);background-image: url(\"http:\/\/hemonucleo.com.br\/wp-content\/uploads\/2019\/09\/sua-campanha-de-doacao.png\");background-position: center center;background-repeat: no-repeat;padding-top:0px;padding-right:100px;padding-bottom:0px;padding-left:100px;-webkit-background-size:cover;-moz-background-size:cover;-o-background-size:cover;background-size:cover;'><div class=\"fusion-builder-row fusion-row \"><div  class=\"fusion-layout-column fusion_builder_column fusion_builder_column_1_2 fusion-builder-column-1 fusion-one-half fusion-column-first fusion-blend-mode 1_2\"  style='margin-top:40px;margin-bottom:40px;width:48%; margin-right: 4%;'>\n\t\t\t\t\t<div class=\"fusion-column-wrapper\" style=\"background-color:rgba(0,0,0,0.62);padding: 20px 20px 20px 20px;background-position:left top;background-repeat:no-repeat;-webkit-background-size:cover;-moz-background-size:cover;-o-background-size:cover;background-size:cover;\"   data-bg-url=\"\">\n\t\t\t\t\t\t<div class=\"fusion-text texto-branco\"><h2 style=\"text-align: center;\">Fa\u00e7a sua campanha de doa\u00e7\u00e3o de sangue juntamente com o N\u00facleo.<\/h2>\n<p style=\"text-align: center;\">Para que possamos sempre ter reserva de sangue necess\u00e1ria a atender a demanda das transfus\u00f5es, contamos com a mobiliza\u00e7\u00e3o de familiares e amigos dos pacientes que atendemos. Voc\u00ea pode ajudar atrav\u00e9s da mobiliza\u00e7\u00e3o de volunt\u00e1rios a doa\u00e7\u00e3o. Para facilitar a divulga\u00e7\u00e3o, disponibilizamos informa\u00e7\u00f5es e imagens para compartilhar.<\/p>\n<\/div><div class=\"fusion-clearfix\"><\/div>\n\n\t\t\t\t\t<\/div>\n\t\t\t\t<\/div><\/div><\/div><div class=\"fusion-fullwidth fullwidth-box nonhundred-percent-fullwidth non-hundred-percent-height-scrolling\"  style='background-color: rgba(255,255,255,0);background-position: center center;background-repeat: no-repeat;padding-top:0px;padding-right:0px;padding-bottom:0px;padding-left:0px;'><div class=\"fusion-builder-row fusion-row \"><div  class=\"fusion-layout-column fusion_builder_column fusion_builder_column_1_1 fusion-builder-column-2 fusion-one-full fusion-column-first fusion-column-last 1_1\"  style='margin-top:0px;margin-bottom:20px;'>\n\t\t\t\t\t<div class=\"fusion-column-wrapper\" style=\"padding: 0px 0px 0px 0px;background-position:left top;background-repeat:no-repeat;-webkit-background-size:cover;-moz-background-size:cover;-o-background-size:cover;background-size:cover;\"   data-bg-url=\"\">\n\t\t\t\t\t\t<div class=\"fusion-text\"><p style=\"text-align: center;\">Compartilhe as imagens abaixo nas suas redes sociais!<\/p>\n<\/div><div class=\"fusion-clearfix\"><\/div>\n\n\t\t\t\t\t<\/div>\n\t\t\t\t<\/div><div  class=\"fusion-layout-column fusion_builder_column fusion_builder_column_1_3 fusion-builder-column-3 fusion-one-third fusion-column-first 1_3\"  style='margin-top:0px;margin-bottom:20px;width:33.33%;width:calc(33.33% - ( ( 4% + 4% ) * 0.3333 ) );margin-right: 4%;'>\n\t\t\t\t\t<div class=\"fusion-column-wrapper\" style=\"padding: 0px 0px 0px 0px;background-position:left top;background-repeat:no-repeat;-webkit-background-size:cover;-moz-background-size:cover;-o-background-size:cover;background-size:cover;\"   data-bg-url=\"\">\n\t\t\t\t\t\t<span style=\"-webkit-border-radius:5px;-moz-border-radius:5px;border-radius:5px;\" class=\"fusion-imageframe imageframe-none imageframe-1 hover-type-none\"><img loading=\"lazy\" src=\"http:\/\/hemonucleo.com.br\/wp-content\/uploads\/2021\/01\/campanha.jpeg\" width=\"535\" height=\"535\" alt=\"\" title=\"campanha\" class=\"img-responsive wp-image-13676\" srcset=\"http:\/\/hemonucleo.com.br\/wp-content\/uploads\/2021\/01\/campanha-200x200.jpeg 200w, http:\/\/hemonucleo.com.br\/wp-content\/uploads\/2021\/01\/campanha-400x400.jpeg 400w, http:\/\/hemonucleo.com.br\/wp-content\/uploads\/2021\/01\/campanha.jpeg 535w\" sizes=\"(max-width: 1100px) 100vw, 400px\" \/><\/span><div class=\"fusion-clearfix\"><\/div>\n\n\t\t\t\t\t<\/div>\n\t\t\t\t<\/div><div  class=\"fusion-layout-column fusion_builder_column fusion_builder_column_1_3 fusion-builder-column-4 fusion-one-third 1_3\"  style='margin-top:0px;margin-bottom:20px;width:33.33%;width:calc(33.33% - ( ( 4% + 4% ) * 0.3333 ) );margin-right: 4%;'>\n\t\t\t\t\t<div class=\"fusion-column-wrapper\" style=\"padding: 0px 0px 0px 0px;background-position:left top;background-repeat:no-repeat;-webkit-background-size:cover;-moz-background-size:cover;-o-background-size:cover;background-size:cover;\"   data-bg-url=\"\">\n\t\t\t\t\t\t<span style=\"-webkit-border-radius:5px;-moz-border-radius:5px;border-radius:5px;\" class=\"fusion-imageframe imageframe-none imageframe-2 hover-type-none\"><img loading=\"lazy\" src=\"http:\/\/hemonucleo.com.br\/wp-content\/uploads\/2021\/01\/campanha3.jpeg\" width=\"535\" height=\"535\" alt=\"\" title=\"campanha3\" class=\"img-responsive wp-image-13678\" srcset=\"http:\/\/hemonucleo.com.br\/wp-content\/uploads\/2021\/01\/campanha3-200x200.jpeg 200w, http:\/\/hemonucleo.com.br\/wp-content\/uploads\/2021\/01\/campanha3-400x400.jpeg 400w, http:\/\/hemonucleo.com.br\/wp-content\/uploads\/2021\/01\/campanha3.jpeg 535w\" sizes=\"(max-width: 1100px) 100vw, 400px\" \/><\/span><div class=\"fusion-clearfix\"><\/div>\n\n\t\t\t\t\t<\/div>\n\t\t\t\t<\/div><div  class=\"fusion-layout-column fusion_builder_column fusion_builder_column_1_3 fusion-builder-column-5 fusion-one-third fusion-column-last 1_3\"  style='margin-top:0px;margin-bottom:20px;width:33.33%;width:calc(33.33% - ( ( 4% + 4% ) * 0.3333 ) );'>\n\t\t\t\t\t<div class=\"fusion-column-wrapper\" style=\"padding: 0px 0px 0px 0px;background-position:left top;background-repeat:no-repeat;-webkit-background-size:cover;-moz-background-size:cover;-o-background-size:cover;background-size:cover;\"   data-bg-url=\"\">\n\t\t\t\t\t\t<span style=\"-webkit-border-radius:5px;-moz-border-radius:5px;border-radius:5px;\" class=\"fusion-imageframe imageframe-none imageframe-3 hover-type-none\"><img loading=\"lazy\" src=\"http:\/\/hemonucleo.com.br\/wp-content\/uploads\/2021\/01\/campanha2.jpeg\" width=\"535\" height=\"535\" alt=\"\" title=\"campanha2\" class=\"img-responsive wp-image-13677\" srcset=\"http:\/\/hemonucleo.com.br\/wp-content\/uploads\/2021\/01\/campanha2-200x200.jpeg 200w, http:\/\/hemonucleo.com.br\/wp-content\/uploads\/2021\/01\/campanha2-400x400.jpeg 400w, http:\/\/hemonucleo.com.br\/wp-content\/uploads\/2021\/01\/campanha2.jpeg 535w\" sizes=\"(max-width: 1100px) 100vw, 400px\" \/><\/span><div class=\"fusion-clearfix\"><\/div>\n\n\t\t\t\t\t<\/div>\n\t\t\t\t<\/div><\/div><\/div><\/p>\n","protected":false},"excerpt":{"rendered":"","protected":false},"author":1,"featured_media":0,"parent":0,"menu_order":0,"comment_status":"closed","ping_status":"closed","template":"","meta":[],"_links":{"self":[{"href":"http:\/\/hemonucleo.com.br\/index.php\/wp-json\/wp\/v2\/pages\/13533"}],"collection":[{"href":"http:\/\/hemonucleo.com.br\/index.php\/wp-json\/wp\/v2\/pages"}],"about":[{"href":"http:\/\/hemonucleo.com.br\/index.php\/wp-json\/wp\/v2\/types\/page"}],"author":[{"embeddable":true,"href":"http:\/\/hemonucleo.com.br\/index.php\/wp-json\/wp\/v2\/users\/1"}],"replies":[{"embeddable":true,"href":"http:\/\/hemonucleo.com.br\/index.php\/wp-json\/wp\/v2\/comments?post=13533"}],"version-history":[{"count":3,"href":"http:\/\/hemonucleo.com.br\/index.php\/wp-json\/wp\/v2\/pages\/13533\/revisions"}],"predecessor-version":[{"id":13679,"href":"http:\/\/hemonucleo.com.br\/index.php\/wp-json\/wp\/v2\/pages\/13533\/revisions\/13679"}],"wp:attachment":[{"href":"http:\/\/hemonucleo.com.br\/index.php\/wp-json\/wp\/v2\/media?parent=13533"}],"curies":[{"name":"wp","href":"https:\/\/api.w.org\/{rel}","templated":true}]}}