{"id":13589,"date":"2019-10-01T09:15:16","date_gmt":"2019-10-01T12:15:16","guid":{"rendered":"http:\/\/hemonucleo.com.br\/?page_id=13589"},"modified":"2020-06-10T17:23:22","modified_gmt":"2020-06-10T20:23:22","slug":"atendimento-de-seus-pacientes","status":"publish","type":"page","link":"http:\/\/hemonucleo.com.br\/index.php\/atendimento-de-seus-pacientes\/","title":{"rendered":"Atendimento de seus pacientes"},"content":{"rendered":"<p><div class=\"fusion-fullwidth fullwidth-box nonhundred-percent-fullwidth non-hundred-percent-height-scrolling fusion-no-small-visibility\"  style='background-color: rgba(255,255,255,0);background-position: center center;background-repeat: no-repeat;padding-top:0px;padding-right:100px;padding-bottom:0px;padding-left:100px;'><div class=\"fusion-builder-row fusion-row \"><div  class=\"fusion-layout-column fusion_builder_column fusion_builder_column_1_1 fusion-builder-column-1 fusion-one-full fusion-column-first fusion-column-last 1_1\"  style='margin-top:0px;margin-bottom:50px;'>\n\t\t\t\t\t<div class=\"fusion-column-wrapper\" style=\"padding: 0px 0px 0px 0px;background-position:left top;background-repeat:no-repeat;-webkit-background-size:cover;-moz-background-size:cover;-o-background-size:cover;background-size:cover;\"   data-bg-url=\"\">\n\t\t\t\t\t\t<div class=\"imageframe-align-center\"><span style=\"-webkit-border-radius:5px;-moz-border-radius:5px;border-radius:5px;\" class=\"fusion-imageframe imageframe-none imageframe-1 hover-type-none\"><img loading=\"lazy\" src=\"http:\/\/hemonucleo.com.br\/wp-content\/uploads\/2019\/10\/bg-atendimento-de-seus-pacientes.png\" width=\"800\" height=\"201\" alt=\"\" title=\"bg-atendimento-de-seus-pacientes\" class=\"img-responsive wp-image-13590\" srcset=\"http:\/\/hemonucleo.com.br\/wp-content\/uploads\/2019\/10\/bg-atendimento-de-seus-pacientes-200x50.png 200w, http:\/\/hemonucleo.com.br\/wp-content\/uploads\/2019\/10\/bg-atendimento-de-seus-pacientes-400x101.png 400w, http:\/\/hemonucleo.com.br\/wp-content\/uploads\/2019\/10\/bg-atendimento-de-seus-pacientes-600x151.png 600w, http:\/\/hemonucleo.com.br\/wp-content\/uploads\/2019\/10\/bg-atendimento-de-seus-pacientes.png 800w\" sizes=\"(max-width: 1100px) 100vw, 800px\" \/><\/span><\/div><div class=\"fusion-clearfix\"><\/div>\n\n\t\t\t\t\t<\/div>\n\t\t\t\t<\/div><div  class=\"fusion-layout-column fusion_builder_column fusion_builder_column_1_1 fusion-builder-column-2 fusion-one-full fusion-column-first fusion-column-last 1_1\"  style='margin-top:0px;margin-bottom:20px;'>\n\t\t\t\t\t<div class=\"fusion-column-wrapper\" style=\"padding: 0px 0px 0px 0px;background-position:left top;background-repeat:no-repeat;-webkit-background-size:cover;-moz-background-size:cover;-o-background-size:cover;background-size:cover;\"   data-bg-url=\"\">\n\t\t\t\t\t\t<div class=\"fusion-text\"><p>O N\u00facleo atua para que o atendimento as transfus\u00f5es de seus pacientes possam ser realizadas dentro de rigorosos padr\u00f5es de qualidade e seguran\u00e7a. Voc\u00ea pode encaminhar os seus pacientes para os servi\u00e7os hospitalares parceiros do N\u00facleo. Ao ser solicitada a transfus\u00e3o, o N\u00facleo disponibilizar\u00e1 toda a orienta\u00e7\u00e3o e suporte necess\u00e1rios.<\/p>\n<p>Geralmente a necessidade de transfus\u00f5es \u00e9 maior que o n\u00famero de doa\u00e7\u00f5es realizadas. Assim, para atendermos plenamente as solicita\u00e7\u00f5es transfusionais precisamos de sua participa\u00e7\u00e3o para incentivar que familiares e amigos de seus pacientes sejam orientados a doar sangue na sede do N\u00facleo, Rua Visconde de Itabora\u00ed, 402, Parque Ros\u00e1rio Campos dos Goytacazes-RJ.<\/p>\n<p>Nos casos de transfus\u00f5es planejadas ou reservas transfusionais para cirurgias, orientamos que os doadores informem o nome e o hospital onde os pacientes ser\u00e3o internados.<\/p>\n<\/div><div class=\"fusion-clearfix\"><\/div>\n\n\t\t\t\t\t<\/div>\n\t\t\t\t<\/div><\/div><\/div><div class=\"fusion-fullwidth fullwidth-box nonhundred-percent-fullwidth non-hundred-percent-height-scrolling fusion-no-medium-visibility fusion-no-large-visibility\"  style='background-color: rgba(255,255,255,0);background-position: center center;background-repeat: no-repeat;padding-top:0px;padding-right:20px;padding-bottom:0px;padding-left:20px;'><div class=\"fusion-builder-row fusion-row \"><div  class=\"fusion-layout-column fusion_builder_column fusion_builder_column_1_1 fusion-builder-column-3 fusion-one-full fusion-column-first fusion-column-last 1_1\"  style='margin-top:0px;margin-bottom:50px;'>\n\t\t\t\t\t<div class=\"fusion-column-wrapper\" style=\"padding: 0px 0px 0px 0px;background-position:left top;background-repeat:no-repeat;-webkit-background-size:cover;-moz-background-size:cover;-o-background-size:cover;background-size:cover;\"   data-bg-url=\"\">\n\t\t\t\t\t\t<div class=\"imageframe-align-center\"><span style=\"-webkit-border-radius:5px;-moz-border-radius:5px;border-radius:5px;\" class=\"fusion-imageframe imageframe-none imageframe-2 hover-type-none\"><img loading=\"lazy\" src=\"http:\/\/hemonucleo.com.br\/wp-content\/uploads\/2019\/10\/bg-atendimento-de-seus-pacientes.png\" width=\"800\" height=\"201\" alt=\"\" title=\"bg-atendimento-de-seus-pacientes\" class=\"img-responsive wp-image-13590\" srcset=\"http:\/\/hemonucleo.com.br\/wp-content\/uploads\/2019\/10\/bg-atendimento-de-seus-pacientes-200x50.png 200w, http:\/\/hemonucleo.com.br\/wp-content\/uploads\/2019\/10\/bg-atendimento-de-seus-pacientes-400x101.png 400w, http:\/\/hemonucleo.com.br\/wp-content\/uploads\/2019\/10\/bg-atendimento-de-seus-pacientes-600x151.png 600w, http:\/\/hemonucleo.com.br\/wp-content\/uploads\/2019\/10\/bg-atendimento-de-seus-pacientes.png 800w\" sizes=\"(max-width: 1100px) 100vw, 800px\" \/><\/span><\/div><div class=\"fusion-clearfix\"><\/div>\n\n\t\t\t\t\t<\/div>\n\t\t\t\t<\/div><div  class=\"fusion-layout-column fusion_builder_column fusion_builder_column_1_1 fusion-builder-column-4 fusion-one-full fusion-column-first fusion-column-last 1_1\"  style='margin-top:0px;margin-bottom:20px;'>\n\t\t\t\t\t<div class=\"fusion-column-wrapper\" style=\"padding: 0px 0px 0px 0px;background-position:left top;background-repeat:no-repeat;-webkit-background-size:cover;-moz-background-size:cover;-o-background-size:cover;background-size:cover;\"   data-bg-url=\"\">\n\t\t\t\t\t\t<div class=\"fusion-text\"><p>O N\u00facleo atua para que o atendimento as transfus\u00f5es de seus pacientes possam ser realizadas dentro de rigorosos padr\u00f5es de qualidade e seguran\u00e7a.<br \/>\nVoc\u00ea pode encaminhar os seus pacientes para os servi\u00e7os hospitalares parceiros do N\u00facleo. Ao ser solicitada a transfus\u00e3o, o N\u00facleo disponibilizar\u00e1 toda a orienta\u00e7\u00e3o e suporte necess\u00e1rios.<\/p>\n<p>Geralmente a necessidade de transfus\u00f5es \u00e9 maior que o n\u00famero de doa\u00e7\u00f5es realizadas. Assim, para atendermos plenamente as olicita\u00e7\u00f5es transfusionais precisamos de sua participa\u00e7\u00e3o para incentivar que familiares e amigos de seus pacientes sejam orientados a doar sangue na sede do N\u00facleo, Rua Visconde de Itabora\u00ed, 402, Parque Ros\u00e1rio Campos dos Goytacazes-RJ.<\/p>\n<p>Nos casos de transfus\u00f5es planejadas ou reservas transfusionais para cirurgias, orientamos que os doadores informem o nome e o hospital onde os pacientes ser\u00e3o internados.<\/p>\n<\/div><div class=\"fusion-clearfix\"><\/div>\n\n\t\t\t\t\t<\/div>\n\t\t\t\t<\/div><\/div><\/div><\/p>\n","protected":false},"excerpt":{"rendered":"","protected":false},"author":1,"featured_media":0,"parent":0,"menu_order":0,"comment_status":"closed","ping_status":"closed","template":"","meta":[],"_links":{"self":[{"href":"http:\/\/hemonucleo.com.br\/index.php\/wp-json\/wp\/v2\/pages\/13589"}],"collection":[{"href":"http:\/\/hemonucleo.com.br\/index.php\/wp-json\/wp\/v2\/pages"}],"about":[{"href":"http:\/\/hemonucleo.com.br\/index.php\/wp-json\/wp\/v2\/types\/page"}],"author":[{"embeddable":true,"href":"http:\/\/hemonucleo.com.br\/index.php\/wp-json\/wp\/v2\/users\/1"}],"replies":[{"embeddable":true,"href":"http:\/\/hemonucleo.com.br\/index.php\/wp-json\/wp\/v2\/comments?post=13589"}],"version-history":[{"count":3,"href":"http:\/\/hemonucleo.com.br\/index.php\/wp-json\/wp\/v2\/pages\/13589\/revisions"}],"predecessor-version":[{"id":13635,"href":"http:\/\/hemonucleo.com.br\/index.php\/wp-json\/wp\/v2\/pages\/13589\/revisions\/13635"}],"wp:attachment":[{"href":"http:\/\/hemonucleo.com.br\/index.php\/wp-json\/wp\/v2\/media?parent=13589"}],"curies":[{"name":"wp","href":"https:\/\/api.w.org\/{rel}","templated":true}]}}